{"id":612,"date":"2021-06-28T10:57:25","date_gmt":"2021-06-28T08:57:25","guid":{"rendered":"https:\/\/www.christian-angerer.com\/?page_id=612"},"modified":"2021-08-24T17:30:44","modified_gmt":"2021-08-24T15:30:44","slug":"impressum","status":"publish","type":"page","link":"https:\/\/www.christian-angerer.com\/de\/impressum\/","title":{"rendered":"IMPRESSUM &#8211; FOTOGRAF"},"content":{"rendered":"<p>\u00a0<\/p>\n<article id=\"post-5981\">\n<h1>IMPRESSUM<\/h1>\n<h2>CHRISTIAN ANGERER Photographer<\/h2>\n<p>c\/o HUCKLEBERRY FRIENDS AG<\/p>\n<p>Bismarckstra\u00dfe 3\u00a0<br \/>80803 M\u00fcnchen<br \/>Telefon: <a href=\"tel:+498938367676\">+ 49 89 383676-76<\/a><br \/>e-Mail: <a href=\"mailto:christian.angerer@christian-angerer.com\">christian.angerer(at)christian-angerer.com<\/a><\/p>\n<p>Inhaltlich Verantwortlicher: Dialog Branding GmbH, Gesch\u00e4ftsf\u00fchrer: Christian Angerer (Anschrift wie oben) &#8211; kurz CHRISTIAN ANGERER<\/p>\n<p>HRB 157480<\/p>\n<p>Juristische Angaben:<\/p>\n<h2>URHEBERRECHT<\/h2>\n<p>\u00a9 CHRISTIAN ANGERER &#8211; alle Rechte vorbehalten.<br \/>Falls nicht anders angegeben, unterliegen alle Seiten auf diesem Server der CHRISTIAN ANGERER dem Urheberrecht (Copyright). Dies gilt insbesondere f\u00fcr Texte, Bilder, Grafiken, Ton-, Video- oder Animationsdateien einschlie\u00dflich deren Anordnung auf den Web-Seiten. Eine Vervielf\u00e4ltigung oder Verwendung solcher Seiten (oder Teilen davon) in anderen elektronischen oder gedruckten Publikationen und deren Ver\u00f6ffentlichung (auch im Internet) ist nur nach vorheriger Genehmigung gestattet. Der Nachdruck und die Auswertung von Pressemitteilungen ist mit Quellenangabe nat\u00fcrlich gestattet. Die Genehmigung zur Publikation der Webseiten kann die Presseabteilung der CHRISTIAN ANGERER erteilen (Impressum). Weiterhin k\u00f6nnen Bilder, Grafiken, Text- oder sonstige Dateien ganz oder teilweise dem Urheberrecht Dritter unterliegen.<br \/>Alle innerhalb des Internetangebotes genannten und ggf. durch Dritte gesch\u00fctzten Marken- und Warenzeichen unterliegen uneingeschr\u00e4nkt den Bestimmungen des jeweils g\u00fcltigen Kennzeichenrechts und den Besitzrechten der jeweiligen eingetragenen Eigent\u00fcmer. Allein aufgrund der blo\u00dfen Nennung in unserem Internetangebot ist nicht der Schluss zu ziehen, dass Markenzeichen nicht durch Rechte Dritter gesch\u00fctzt sind.<\/p>\n<h2>HAFTUNGSAUSSCHLUSS<\/h2>\n<p>Der CHRISTIAN ANGERER hat alle in seinem Bereich bereitgestellten Informationen nach bestem Wissen und Gewissen erarbeitet und gepr\u00fcft. Es wird jedoch keine Gew\u00e4hr f\u00fcr die Aktualit\u00e4t, Richtigkeit, Vollst\u00e4ndigkeit oder Qualit\u00e4t und jederzeitige Verf\u00fcgbarkeit der bereit gestellten Informationen \u00fcbernommen. Unbeschadet der Regelungen des \u00a7 675 Absatz 2 BGB gilt f\u00fcr das bereitgestellte Informationsangebot folgende Haftungsbeschr\u00e4nkung: Der CHRISTIAN ANGERER und seine Mitarbeiter haften nicht f\u00fcr Sch\u00e4den, die durch die Nutzung oder Nichtnutzung der im Internetangebot des CHRISTIAN ANGERER angebotenen Informationen entstehen. F\u00fcr etwaige Sch\u00e4den, die beim Aufrufen oder Herunterladen von Daten durch Computerviren oder der Installation oder Nutzung von Software verursacht werden, wird nicht gehaftet.<br \/>Namentlich gekennzeichnete Internetseiten geben die Auffassungen und Erkenntnisse der abfassenden Personen wieder.<br \/>Der CHRISTIAN ANGERER beh\u00e4lt es sich ausdr\u00fccklich vor, einzelne Webseiten oder das gesamte Angebot ohne gesonderte Ank\u00fcndigung zu ver\u00e4ndern, zu erg\u00e4nzen, zu l\u00f6schen oder die Ver\u00f6ffentlichung zeitweise oder endg\u00fcltig einzustellen.<\/p>\n<h2>LINKS UND VERWEISE (DISCLAIMER)<\/h2>\n<p>Der CHRISTIAN ANGERER ist nur f\u00fcr die \u201eeigenen Inhalte\u201c, die es zur Nutzung bereith\u00e4lt, nach den einschl\u00e4gigen Gesetzen verantwortlich.<br \/>Von diesen eigenen Inhalten sind Querverweise (\u201eLinks\u201c) auf die Webseiten anderer Anbieter zu unterscheiden. Durch den als \u201eLink\u201c gekennzeichneten Querverweis erm\u00f6glicht der CHRISTIAN ANGERER den Zugang zu \u201efremden Inhalten\u201c.<br \/>Durch den Querverweis vermittelt der CHRISTIAN ANGERER lediglich den Zugang zur Nutzung dieser Inhalte. F\u00fcr diese \u201efremden\u201c Inhalte ist er nicht verantwortlich, da er die \u00dcbermittlung der Information nicht veranlasst, den Adressaten der \u00fcbermittelten Informationen nicht ausw\u00e4hlt und die \u00fcbermittelten Informationen auch nicht ausgew\u00e4hlt oder ver\u00e4ndert hat. Auch eine automatische kurzzeitige Zwischenspeicherung dieser \u201efremden Informationen\u201c erfolgt wegen der gew\u00e4hlten Aufruf- und Verlinkungsmethodik nicht, so dass sich auch dadurch keine Verantwortlichkeit des CHRISTIAN ANGERERS f\u00fcr diese fremden Inhalte ergibt.<br \/>Bei der erstmaligen Verkn\u00fcpfung mit diesen Internetangeboten hat die Redaktion des CHRISTIAN ANGERERS den fremden Inhalt jedoch daraufhin \u00fcberpr\u00fcft, ob durch ihn eine m\u00f6gliche zivilrechtliche oder strafrechtliche Verantwortlichkeit ausgel\u00f6st wird. Sobald der CHRISTIAN ANGERER jedoch feststellt oder von anderen darauf hingewiesen wird, dass ein konkretes Angebot, zu dem es einen Link bereitgestellt hat, eine zivil- oder strafrechtliche Verantwortlichkeit ausl\u00f6st, wird es den Verweis auf dieses Angebot unverz\u00fcglich aufheben, soweit es technisch m\u00f6glich und zumutbar ist.<br \/>F\u00fcr illegale, fehlerhafte oder unvollst\u00e4ndige Inhalte und insbesondere f\u00fcr Sch\u00e4den, die aus der Nutzung oder Nichtnutzung von Informationen Dritter entstehen, haftet allein der jeweilige Anbieter der Seite, auf welche verwiesen wurde.<\/p>\n<h2>GELTUNG DES DEUTSCHEN RECHTS<\/h2>\n<p>Internet Disclaimer und Erkl\u00e4rung unterliegen ausschlie\u00dflich dem deutschen Recht.<br \/>Dieser Haftungsausschluss ist als Teil des Internetangebotes zu betrachten, von dem aus auf diese Seite verwiesen wurde. Sofern Teile oder einzelne Formulierungen dieses Textes der geltenden Rechtslage nicht, nicht mehr oder nicht vollst\u00e4ndig entsprechen sollten, bleiben die \u00fcbrigen Teile des Dokumentes in ihrem Inhalt und ihrer G\u00fcltigkeit davon unber\u00fchrt.<\/p>\n<\/article>\n","protected":false},"excerpt":{"rendered":"<p>\u00a0 IMPRESSUM CHRISTIAN ANGERER Photographer c\/o HUCKLEBERRY FRIENDS AG Bismarckstra\u00dfe 3\u00a080803 M\u00fcnchenTelefon: + 49 89 383676-76e-Mail: christian.angerer(at)christian-angerer.com Inhaltlich Verantwortlicher: Dialog Branding GmbH, Gesch\u00e4ftsf\u00fchrer: Christian Angerer (Anschrift wie oben) &#8211; kurz CHRISTIAN ANGERER HRB 157480 Juristische Angaben: URHEBERRECHT \u00a9 CHRISTIAN ANGERER &#8211; alle Rechte vorbehalten.Falls nicht anders angegeben, unterliegen alle Seiten auf diesem Server der CHRISTIAN&#8230; <\/p>\n","protected":false},"author":2,"featured_media":2438,"parent":0,"menu_order":0,"comment_status":"closed","ping_status":"closed","template":"","meta":{"footnotes":""},"class_list":["post-612","page","type-page","status-publish","has-post-thumbnail","hentry"],"translation":{"provider":"WPGlobus","version":"2.12.2","language":"de","enabled_languages":["en","de"],"languages":{"en":{"title":true,"content":true,"excerpt":false},"de":{"title":true,"content":true,"excerpt":false}}},"yoast_head":"<!-- This site is optimized with the Yoast SEO Premium plugin v24.6 (Yoast SEO v24.6) - https:\/\/yoast.com\/wordpress\/plugins\/seo\/ -->\n<title>IMPRESSUM - FOTOGRAF CHRISTIAN ANGERER - Portrait &amp; Fashion Photographer<\/title>\n<meta name=\"robots\" content=\"index, follow, max-snippet:-1, max-image-preview:large, max-video-preview:-1\" \/>\n<link rel=\"canonical\" href=\"https:\/\/www.christian-angerer.com\/impressum\/\" \/>\n<meta property=\"og:locale\" content=\"de_DE\" \/>\n<meta property=\"og:type\" content=\"article\" \/>\n<meta property=\"og:title\" content=\"IMPRESSUM - FOTOGRAF - CHRISTIAN ANGERER - INTERNATIONALER FOTOGRAF, WERBUNG, PORTR\u00c4T, FASHION \u00b7\" \/>\n<meta property=\"og:url\" content=\"https:\/\/www.christian-angerer.com\/impressum\/\" \/>\n<meta property=\"og:site_name\" content=\"CHRISTIAN ANGERER - INTERNATIONALER FOTOGRAF, WERBUNG, PORTR\u00c4T, FASHION \u00b7\" \/>\n<meta property=\"article:modified_time\" content=\"2021-08-24T15:30:44+00:00\" \/>\n<meta property=\"og:image\" content=\"https:\/\/www.christian-angerer.com\/wp-content\/uploads\/2021\/08\/Bond_Portrait_Action_black_white_photography_by_Christian_Angerer_munich.jpg\" \/>\n\t<meta property=\"og:image:width\" content=\"2560\" \/>\n\t<meta property=\"og:image:height\" content=\"1614\" \/>\n\t<meta property=\"og:image:type\" content=\"image\/jpeg\" \/>\n<meta name=\"twitter:card\" content=\"summary_large_image\" \/>\n<meta name=\"twitter:label1\" content=\"Gesch\u00e4tzte Lesezeit\" \/>\n\t<meta name=\"twitter:data1\" content=\"3\u00a0Minuten\" \/>\n<script type=\"application\/ld+json\" class=\"yoast-schema-graph\">{\"@context\":\"https:\/\/schema.org\",\"@graph\":[{\"@type\":\"WebPage\",\"@id\":\"https:\/\/www.christian-angerer.com\/impressum\/\",\"url\":\"https:\/\/www.christian-angerer.com\/impressum\/\",\"name\":\"IMPRESSUM - FOTOGRAF CHRISTIAN ANGERER - Portrait & Fashion Photographer\",\"isPartOf\":{\"@id\":\"https:\/\/www.christian-angerer.com\/#website\"},\"primaryImageOfPage\":{\"@id\":\"https:\/\/www.christian-angerer.com\/impressum\/#primaryimage\"},\"image\":{\"@id\":\"https:\/\/www.christian-angerer.com\/impressum\/#primaryimage\"},\"thumbnailUrl\":\"https:\/\/www.christian-angerer.com\/wp-content\/uploads\/2021\/08\/Bond_Portrait_Action_black_white_photography_by_Christian_Angerer_munich.jpg\",\"datePublished\":\"2021-06-28T08:57:25+00:00\",\"dateModified\":\"2021-08-24T15:30:44+00:00\",\"description\":\"Christian Angerer, c\/o HUCKLEBERRY FRIENDS AG - worldwide creative network\",\"breadcrumb\":{\"@id\":\"https:\/\/www.christian-angerer.com\/impressum\/#breadcrumb\"},\"inLanguage\":\"de\",\"potentialAction\":[{\"@type\":\"ReadAction\",\"target\":[\"https:\/\/www.christian-angerer.com\/impressum\/\"]}]},{\"@type\":\"ImageObject\",\"inLanguage\":\"de\",\"@id\":\"https:\/\/www.christian-angerer.com\/impressum\/#primaryimage\",\"url\":\"https:\/\/www.christian-angerer.com\/wp-content\/uploads\/2021\/08\/Bond_Portrait_Action_black_white_photography_by_Christian_Angerer_munich.jpg\",\"contentUrl\":\"https:\/\/www.christian-angerer.com\/wp-content\/uploads\/2021\/08\/Bond_Portrait_Action_black_white_photography_by_Christian_Angerer_munich.jpg\",\"width\":2560,\"height\":1614},{\"@type\":\"BreadcrumbList\",\"@id\":\"https:\/\/www.christian-angerer.com\/impressum\/#breadcrumb\",\"itemListElement\":[{\"@type\":\"ListItem\",\"position\":1,\"name\":\"HOME\",\"item\":\"https:\/\/www.christian-angerer.com\/\"},{\"@type\":\"ListItem\",\"position\":2,\"name\":\"IMPRESSUM\"}]},{\"@type\":\"WebSite\",\"@id\":\"https:\/\/www.christian-angerer.com\/#website\",\"url\":\"https:\/\/www.christian-angerer.com\/\",\"name\":\"CHRISTIAN ANGERER \u00b7CHRISTIAN ANGERER\u00b7\",\"description\":\"Christian Angerer - internationaler cineastischer Fotograf, Modefotograf, Werbung, Portr\u00e4t &amp; Storytelling \",\"publisher\":{\"@id\":\"https:\/\/www.christian-angerer.com\/#organization\"},\"potentialAction\":[{\"@type\":\"SearchAction\",\"target\":{\"@type\":\"EntryPoint\",\"urlTemplate\":\"https:\/\/www.christian-angerer.com\/?s={search_term_string}\"},\"query-input\":{\"@type\":\"PropertyValueSpecification\",\"valueRequired\":true,\"valueName\":\"search_term_string\"}}],\"inLanguage\":\"de\"},{\"@type\":\"Organization\",\"@id\":\"https:\/\/www.christian-angerer.com\/#organization\",\"name\":\"Christian Angerer - Portrait & Fashion Photography\",\"url\":\"https:\/\/www.christian-angerer.com\/\",\"logo\":{\"@type\":\"ImageObject\",\"inLanguage\":\"de\",\"@id\":\"https:\/\/www.christian-angerer.com\/#\/schema\/logo\/image\/\",\"url\":\"https:\/\/www.christian-angerer.com\/wp-content\/uploads\/2021\/07\/Christian-Angerer_Logo_20210716-18-09.png\",\"contentUrl\":\"https:\/\/www.christian-angerer.com\/wp-content\/uploads\/2021\/07\/Christian-Angerer_Logo_20210716-18-09.png\",\"width\":2147,\"height\":400,\"caption\":\"Christian Angerer - Portrait & Fashion Photography\"},\"image\":{\"@id\":\"https:\/\/www.christian-angerer.com\/#\/schema\/logo\/image\/\"},\"sameAs\":[\"https:\/\/www.instagram.com\/christianangererhuckleberry\/\"]}]}<\/script>\n<!-- \/ Yoast SEO Premium plugin. -->","yoast_head_json":{"title":"IMPRESSUM - FOTOGRAF CHRISTIAN ANGERER - Portrait & Fashion Photographer","robots":{"index":"index","follow":"follow","max-snippet":"max-snippet:-1","max-image-preview":"max-image-preview:large","max-video-preview":"max-video-preview:-1"},"canonical":"https:\/\/www.christian-angerer.com\/impressum\/","og_locale":"de_DE","og_type":"article","og_title":"IMPRESSUM - FOTOGRAF - CHRISTIAN ANGERER - INTERNATIONALER FOTOGRAF, WERBUNG, PORTR\u00c4T, FASHION \u00b7","og_url":"https:\/\/www.christian-angerer.com\/impressum\/","og_site_name":"CHRISTIAN ANGERER - INTERNATIONALER FOTOGRAF, WERBUNG, PORTR\u00c4T, FASHION \u00b7","article_modified_time":"2021-08-24T15:30:44+00:00","og_image":[{"width":2560,"height":1614,"url":"https:\/\/www.christian-angerer.com\/wp-content\/uploads\/2021\/08\/Bond_Portrait_Action_black_white_photography_by_Christian_Angerer_munich.jpg","type":"image\/jpeg"}],"twitter_card":"summary_large_image","twitter_misc":{"Gesch\u00e4tzte Lesezeit":"3\u00a0Minuten"},"schema":{"@context":"https:\/\/schema.org","@graph":[{"@type":"WebPage","@id":"https:\/\/www.christian-angerer.com\/impressum\/","url":"https:\/\/www.christian-angerer.com\/impressum\/","name":"IMPRESSUM - FOTOGRAF CHRISTIAN ANGERER - Portrait & Fashion Photographer","isPartOf":{"@id":"https:\/\/www.christian-angerer.com\/#website"},"primaryImageOfPage":{"@id":"https:\/\/www.christian-angerer.com\/impressum\/#primaryimage"},"image":{"@id":"https:\/\/www.christian-angerer.com\/impressum\/#primaryimage"},"thumbnailUrl":"https:\/\/www.christian-angerer.com\/wp-content\/uploads\/2021\/08\/Bond_Portrait_Action_black_white_photography_by_Christian_Angerer_munich.jpg","datePublished":"2021-06-28T08:57:25+00:00","dateModified":"2021-08-24T15:30:44+00:00","description":"Christian Angerer, c\/o HUCKLEBERRY FRIENDS AG - worldwide creative network","breadcrumb":{"@id":"https:\/\/www.christian-angerer.com\/impressum\/#breadcrumb"},"inLanguage":"de","potentialAction":[{"@type":"ReadAction","target":["https:\/\/www.christian-angerer.com\/impressum\/"]}]},{"@type":"ImageObject","inLanguage":"de","@id":"https:\/\/www.christian-angerer.com\/impressum\/#primaryimage","url":"https:\/\/www.christian-angerer.com\/wp-content\/uploads\/2021\/08\/Bond_Portrait_Action_black_white_photography_by_Christian_Angerer_munich.jpg","contentUrl":"https:\/\/www.christian-angerer.com\/wp-content\/uploads\/2021\/08\/Bond_Portrait_Action_black_white_photography_by_Christian_Angerer_munich.jpg","width":2560,"height":1614},{"@type":"BreadcrumbList","@id":"https:\/\/www.christian-angerer.com\/impressum\/#breadcrumb","itemListElement":[{"@type":"ListItem","position":1,"name":"HOME","item":"https:\/\/www.christian-angerer.com\/"},{"@type":"ListItem","position":2,"name":"IMPRESSUM"}]},{"@type":"WebSite","@id":"https:\/\/www.christian-angerer.com\/#website","url":"https:\/\/www.christian-angerer.com\/","name":"CHRISTIAN ANGERER \u00b7CHRISTIAN ANGERER\u00b7","description":"Christian Angerer - internationaler cineastischer Fotograf, Modefotograf, Werbung, Portr\u00e4t &amp; Storytelling ","publisher":{"@id":"https:\/\/www.christian-angerer.com\/#organization"},"potentialAction":[{"@type":"SearchAction","target":{"@type":"EntryPoint","urlTemplate":"https:\/\/www.christian-angerer.com\/?s={search_term_string}"},"query-input":{"@type":"PropertyValueSpecification","valueRequired":true,"valueName":"search_term_string"}}],"inLanguage":"de"},{"@type":"Organization","@id":"https:\/\/www.christian-angerer.com\/#organization","name":"Christian Angerer - Portrait & Fashion Photography","url":"https:\/\/www.christian-angerer.com\/","logo":{"@type":"ImageObject","inLanguage":"de","@id":"https:\/\/www.christian-angerer.com\/#\/schema\/logo\/image\/","url":"https:\/\/www.christian-angerer.com\/wp-content\/uploads\/2021\/07\/Christian-Angerer_Logo_20210716-18-09.png","contentUrl":"https:\/\/www.christian-angerer.com\/wp-content\/uploads\/2021\/07\/Christian-Angerer_Logo_20210716-18-09.png","width":2147,"height":400,"caption":"Christian Angerer - Portrait & Fashion Photography"},"image":{"@id":"https:\/\/www.christian-angerer.com\/#\/schema\/logo\/image\/"},"sameAs":["https:\/\/www.instagram.com\/christianangererhuckleberry\/"]}]}},"_links":{"self":[{"href":"https:\/\/www.christian-angerer.com\/de\/wp-json\/wp\/v2\/pages\/612","targetHints":{"allow":["GET"]}}],"collection":[{"href":"https:\/\/www.christian-angerer.com\/de\/wp-json\/wp\/v2\/pages"}],"about":[{"href":"https:\/\/www.christian-angerer.com\/de\/wp-json\/wp\/v2\/types\/page"}],"author":[{"embeddable":true,"href":"https:\/\/www.christian-angerer.com\/de\/wp-json\/wp\/v2\/users\/2"}],"replies":[{"embeddable":true,"href":"https:\/\/www.christian-angerer.com\/de\/wp-json\/wp\/v2\/comments?post=612"}],"version-history":[{"count":41,"href":"https:\/\/www.christian-angerer.com\/de\/wp-json\/wp\/v2\/pages\/612\/revisions"}],"predecessor-version":[{"id":3466,"href":"https:\/\/www.christian-angerer.com\/de\/wp-json\/wp\/v2\/pages\/612\/revisions\/3466"}],"wp:featuredmedia":[{"embeddable":true,"href":"https:\/\/www.christian-angerer.com\/de\/wp-json\/wp\/v2\/media\/2438"}],"wp:attachment":[{"href":"https:\/\/www.christian-angerer.com\/de\/wp-json\/wp\/v2\/media?parent=612"}],"curies":[{"name":"wp","href":"https:\/\/api.w.org\/{rel}","templated":true}]}}